{"id":152,"date":"2025-01-23T16:16:19","date_gmt":"2025-01-23T15:16:19","guid":{"rendered":"https:\/\/aubonheurdesvoyageurs.fr\/?page_id=152"},"modified":"2025-11-27T10:31:50","modified_gmt":"2025-11-27T09:31:50","slug":"booknow","status":"publish","type":"page","link":"https:\/\/aubonheurdesvoyageurs.fr\/fr_fr\/booknow\/","title":{"rendered":"BookNow"},"content":{"rendered":"\t\t<div data-elementor-type=\"wp-page\" data-elementor-id=\"152\" class=\"elementor elementor-152\">\n\t\t\t\t<div class=\"elementor-element elementor-element-qR7zr5s e-flex e-con-boxed e-con e-parent\" data-id=\"qR7zr5s\" data-element_type=\"container\" data-e-type=\"container\" data-settings=\"{&quot;background_background&quot;:&quot;classic&quot;}\">\n\t\t\t\t\t<div class=\"e-con-inner\">\n\t\t<div class=\"elementor-element elementor-element-ziOkWlu e-con-full e-flex e-con e-child\" data-id=\"ziOkWlu\" data-element_type=\"container\" data-e-type=\"container\">\n\t\t\t\t<div class=\"elementor-element elementor-element-iLBveRi elementor-widget elementor-widget-heading\" data-id=\"iLBveRi\" data-element_type=\"widget\" data-e-type=\"widget\" data-widget_type=\"heading.default\">\n\t\t\t\t<div class=\"elementor-widget-container\">\n\t\t\t\t\t<h1 class=\"elementor-heading-title elementor-size-default\">R\u00e9servez votre s\u00e9jour<\/h1>\t\t\t\t<\/div>\n\t\t\t\t<\/div>\n\t\t\t\t<div class=\"elementor-element elementor-element-LJMCeI1 elementor-widget elementor-widget-heading\" data-id=\"LJMCeI1\" data-element_type=\"widget\" data-e-type=\"widget\" data-widget_type=\"heading.default\">\n\t\t\t\t<div class=\"elementor-widget-container\">\n\t\t\t\t\t<h2 class=\"elementor-heading-title elementor-size-default\">Profitez d'un s\u00e9jour de charme pr\u00e8s de Paris<\/h2>\t\t\t\t<\/div>\n\t\t\t\t<\/div>\n\t\t\t\t<\/div>\n\t\t<div class=\"elementor-element elementor-element-nLrOBYY e-con-full e-flex e-con e-child\" data-id=\"nLrOBYY\" data-element_type=\"container\" data-e-type=\"container\">\n\t\t\t\t<div class=\"elementor-element elementor-element-uE9JxKJ elementor-widget elementor-widget-text-editor\" data-id=\"uE9JxKJ\" data-element_type=\"widget\" data-e-type=\"widget\" data-widget_type=\"text-editor.default\">\n\t\t\t\t<div class=\"elementor-widget-container\">\n\t\t\t\t\t\t\t\t\t<p>A 25 minutes de Paris, venez profiter de la beaut\u00e9 de notre maison de ma\u00eetre. Id\u00e9al pour les familles et les couples \u00e0 la recherche d&rsquo;un s\u00e9jour relaxant.<\/p>\t\t\t\t\t\t\t\t<\/div>\n\t\t\t\t<\/div>\n\t\t<div class=\"elementor-element elementor-element-CDW7T2u e-con-full e-flex e-con e-child\" data-id=\"CDW7T2u\" data-element_type=\"container\" data-e-type=\"container\">\n\t\t\t\t<div class=\"elementor-element elementor-element-iFW3KLg elementor-tablet-position-block-start elementor-view-default elementor-position-block-start elementor-mobile-position-block-start elementor-widget elementor-widget-icon-box\" data-id=\"iFW3KLg\" data-element_type=\"widget\" data-e-type=\"widget\" data-widget_type=\"icon-box.default\">\n\t\t\t\t<div class=\"elementor-widget-container\">\n\t\t\t\t\t\t\t<div class=\"elementor-icon-box-wrapper\">\n\n\t\t\t\t\t\t<div class=\"elementor-icon-box-icon\">\n\t\t\t\t<span  class=\"elementor-icon\">\n\t\t\t\t<svg aria-hidden=\"true\" class=\"e-font-icon-svg e-fas-star\" viewBox=\"0 0 576 512\" xmlns=\"http:\/\/www.w3.org\/2000\/svg\"><path d=\"M259.3 17.8L194 150.2 47.9 171.5c-26.2 3.8-36.7 36.1-17.7 54.6l105.7 103-25 145.5c-4.5 26.3 23.2 46 46.4 33.7L288 439.6l130.7 68.7c23.2 12.2 50.9-7.4 46.4-33.7l-25-145.5 105.7-103c19-18.5 8.5-50.8-17.7-54.6L382 150.2 316.7 17.8c-11.7-23.6-45.6-23.9-57.4 0z\"><\/path><\/svg>\t\t\t\t<\/span>\n\t\t\t<\/div>\n\t\t\t\n\t\t\t\t\t\t<div class=\"elementor-icon-box-content\">\n\n\t\t\t\t\t\t\t\t\t<h3 class=\"elementor-icon-box-title\">\n\t\t\t\t\t\t<span  >\n\t\t\t\t\t\t\tTarif Famille\t\t\t\t\t\t<\/span>\n\t\t\t\t\t<\/h3>\n\t\t\t\t\n\t\t\t\t\t\t\t\t\t<p class=\"elementor-icon-box-description\">\n\t\t\t\t\t\tContactez nous pour obtenir les offres familles\t\t\t\t\t<\/p>\n\t\t\t\t\n\t\t\t<\/div>\n\t\t\t\n\t\t<\/div>\n\t\t\t\t\t\t<\/div>\n\t\t\t\t<\/div>\n\t\t\t\t<div class=\"elementor-element elementor-element-1OyuAd9 elementor-tablet-position-block-start elementor-view-default elementor-position-block-start elementor-mobile-position-block-start elementor-widget elementor-widget-icon-box\" data-id=\"1OyuAd9\" data-element_type=\"widget\" data-e-type=\"widget\" data-widget_type=\"icon-box.default\">\n\t\t\t\t<div class=\"elementor-widget-container\">\n\t\t\t\t\t\t\t<div class=\"elementor-icon-box-wrapper\">\n\n\t\t\t\t\t\t<div class=\"elementor-icon-box-icon\">\n\t\t\t\t<span  class=\"elementor-icon\">\n\t\t\t\t<svg aria-hidden=\"true\" class=\"e-font-icon-svg e-fas-star\" viewBox=\"0 0 576 512\" xmlns=\"http:\/\/www.w3.org\/2000\/svg\"><path d=\"M259.3 17.8L194 150.2 47.9 171.5c-26.2 3.8-36.7 36.1-17.7 54.6l105.7 103-25 145.5c-4.5 26.3 23.2 46 46.4 33.7L288 439.6l130.7 68.7c23.2 12.2 50.9-7.4 46.4-33.7l-25-145.5 105.7-103c19-18.5 8.5-50.8-17.7-54.6L382 150.2 316.7 17.8c-11.7-23.6-45.6-23.9-57.4 0z\"><\/path><\/svg>\t\t\t\t<\/span>\n\t\t\t<\/div>\n\t\t\t\n\t\t\t\t\t\t<div class=\"elementor-icon-box-content\">\n\n\t\t\t\t\t\t\t\t\t<h3 class=\"elementor-icon-box-title\">\n\t\t\t\t\t\t<span  >\n\t\t\t\t\t\t\tGuarantie Meilleur tarif\t\t\t\t\t\t<\/span>\n\t\t\t\t\t<\/h3>\n\t\t\t\t\n\t\t\t\t\t\t\t\t\t<p class=\"elementor-icon-box-description\">\n\t\t\t\t\t\tSi vous trouvez un meilleur tarif, dites le nous ! Nous vous offrirons alors -10% !\t\t\t\t\t<\/p>\n\t\t\t\t\n\t\t\t<\/div>\n\t\t\t\n\t\t<\/div>\n\t\t\t\t\t\t<\/div>\n\t\t\t\t<\/div>\n\t\t\t\t<\/div>\n\t\t<div class=\"elementor-element elementor-element-A79Apoh e-con-full e-flex e-con e-child\" data-id=\"A79Apoh\" data-element_type=\"container\" data-e-type=\"container\">\n\t\t\t\t<\/div>\n\t\t\t\t<\/div>\n\t\t\t\t\t<\/div>\n\t\t\t\t<\/div>\n\t\t<div class=\"elementor-element elementor-element-c873121 e-flex e-con-boxed e-con e-parent\" data-id=\"c873121\" data-element_type=\"container\" data-e-type=\"container\">\n\t\t\t\t\t<div class=\"e-con-inner\">\n\t\t\t\t<div class=\"elementor-element elementor-element-b1e0d0e elementor-widget elementor-widget-html\" data-id=\"b1e0d0e\" data-element_type=\"widget\" data-e-type=\"widget\" data-widget_type=\"html.default\">\n\t\t\t\t<div class=\"elementor-widget-container\">\n\t\t\t\t\t<iframe src='https:\/\/nobeds.app\/DirectForm\/Step\/1508172368' frameborder='0' onload='this.width=screen.width;this.height=screen.height;'><\/iframe>\t\t\t\t<\/div>\n\t\t\t\t<\/div>\n\t\t\t\t\t<\/div>\n\t\t\t\t<\/div>\n\t\t<div class=\"elementor-element elementor-element-NJL7QWR e-flex e-con-boxed e-con e-parent\" data-id=\"NJL7QWR\" data-element_type=\"container\" data-e-type=\"container\">\n\t\t\t\t\t<div class=\"e-con-inner\">\n\t\t<div class=\"elementor-element elementor-element-TuVQF1S e-con-full e-flex e-con e-child\" data-id=\"TuVQF1S\" data-element_type=\"container\" data-e-type=\"container\">\n\t\t\t\t<div class=\"elementor-element elementor-element-ijpugiG elementor-widget elementor-widget-image\" data-id=\"ijpugiG\" data-element_type=\"widget\" data-e-type=\"widget\" data-widget_type=\"image.default\">\n\t\t\t\t<div class=\"elementor-widget-container\">\n\t\t\t\t\t\t\t\t\t\t\t\t\t\t\t<img decoding=\"async\" src=\"https:\/\/editor-static-bucket.elementor.com\/wireframes-placeholders\/placeholder-demo-image-scaled.jpg\" title=\"\" alt=\"\" loading=\"lazy\" \/>\t\t\t\t\t\t\t\t\t\t\t\t\t\t\t<\/div>\n\t\t\t\t<\/div>\n\t\t\t\t<\/div>\n\t\t\t\t\t<\/div>\n\t\t\t\t<\/div>\n\t\t\t\t<\/div>\n\t\t","protected":false},"excerpt":{"rendered":"<p>R\u00e9servez votre s\u00e9jour Profitez d&rsquo;un s\u00e9jour de charme pr\u00e8s de Paris A 25 minutes de Paris, venez profiter de la beaut\u00e9 de notre maison de ma\u00eetre. Id\u00e9al pour les familles et les couples \u00e0 la recherche d&rsquo;un s\u00e9jour relaxant. Tarif Famille Contactez nous pour obtenir les offres familles Guarantie Meilleur tarif Si vous trouvez un meilleur tarif, dites le nous [&hellip;]<\/p>\n","protected":false},"author":1,"featured_media":887,"parent":0,"menu_order":0,"comment_status":"closed","ping_status":"closed","template":"elementor_header_footer","meta":{"_seopress_robots_primary_cat":"","_seopress_titles_title":"R\u00e9server votre s\u00e9jour \u00e0 Villennes\u2011sur\u2011Seine","_seopress_titles_desc":"R\u00e9servez en direct au meilleur prix chez Au Bonheur des Voyageurs. Choisissez vos dates, consultez les disponibilit\u00e9s et contactez\u2011nous pour toute question.","_seopress_robots_index":"","footnotes":""},"class_list":["post-152","page","type-page","status-publish","has-post-thumbnail","hentry"],"jetpack_sharing_enabled":true,"_links":{"self":[{"href":"https:\/\/aubonheurdesvoyageurs.fr\/fr_fr\/wp-json\/wp\/v2\/pages\/152","targetHints":{"allow":["GET"]}}],"collection":[{"href":"https:\/\/aubonheurdesvoyageurs.fr\/fr_fr\/wp-json\/wp\/v2\/pages"}],"about":[{"href":"https:\/\/aubonheurdesvoyageurs.fr\/fr_fr\/wp-json\/wp\/v2\/types\/page"}],"author":[{"embeddable":true,"href":"https:\/\/aubonheurdesvoyageurs.fr\/fr_fr\/wp-json\/wp\/v2\/users\/1"}],"replies":[{"embeddable":true,"href":"https:\/\/aubonheurdesvoyageurs.fr\/fr_fr\/wp-json\/wp\/v2\/comments?post=152"}],"version-history":[{"count":24,"href":"https:\/\/aubonheurdesvoyageurs.fr\/fr_fr\/wp-json\/wp\/v2\/pages\/152\/revisions"}],"predecessor-version":[{"id":896,"href":"https:\/\/aubonheurdesvoyageurs.fr\/fr_fr\/wp-json\/wp\/v2\/pages\/152\/revisions\/896"}],"wp:featuredmedia":[{"embeddable":true,"href":"https:\/\/aubonheurdesvoyageurs.fr\/fr_fr\/wp-json\/wp\/v2\/media\/887"}],"wp:attachment":[{"href":"https:\/\/aubonheurdesvoyageurs.fr\/fr_fr\/wp-json\/wp\/v2\/media?parent=152"}],"curies":[{"name":"wp","href":"https:\/\/api.w.org\/{rel}","templated":true}]}}